{"id":2697,"date":"2021-12-07T07:24:51","date_gmt":"2021-12-07T05:24:51","guid":{"rendered":"https:\/\/kriandkri.ee\/terms-of-use\/return\/"},"modified":"2025-05-27T10:06:22","modified_gmt":"2025-05-27T08:06:22","slug":"return","status":"publish","type":"page","link":"https:\/\/kriandkri.ee\/en\/terms-of-use\/return\/","title":{"rendered":"Return"},"content":{"rendered":"\t\t<div data-elementor-type=\"wp-page\" data-elementor-id=\"2697\" class=\"elementor elementor-2697 elementor-860\">\n\t\t\t\t\t\t<section class=\"elementor-section elementor-top-section elementor-element elementor-element-1770d708 elementor-section-boxed elementor-section-height-default elementor-section-height-default\" data-id=\"1770d708\" data-element_type=\"section\" data-e-type=\"section\">\n\t\t\t\t\t\t<div class=\"elementor-container elementor-column-gap-default\">\n\t\t\t\t\t<div class=\"elementor-column elementor-col-100 elementor-top-column elementor-element elementor-element-1afe54a6\" data-id=\"1afe54a6\" data-element_type=\"column\" data-e-type=\"column\">\n\t\t\t<div class=\"elementor-widget-wrap elementor-element-populated\">\n\t\t\t\t\t\t<div class=\"elementor-element elementor-element-4a0aea5c elementor-widget elementor-widget-text-editor\" data-id=\"4a0aea5c\" data-element_type=\"widget\" data-e-type=\"widget\" data-widget_type=\"text-editor.default\">\n\t\t\t\t<div class=\"elementor-widget-container\">\n\t\t\t\t\t\t\t\t\t<p><strong>Right of withdrawal<\/strong><\/p><ol><li>After receiving the order, the buyer has the right to withdraw from the contract entered into with the online shop within 14 days.<\/li><li>The right of withdrawal does not apply if the buyer is a legal person.<\/li><li>To exercise the 14-day right of withdrawal, the buyer may not use the ordered goods in any other way than is necessary in order to examine the nature, properties and functioning of the goods in the same way the buyer would be allowed to test the goods in a physical shop.<\/li><li>If the products have been used in any other way than is necessary for the nature, characteristics or functionality of the goods or they have wear marks, the online shop has the right to reduce the refundable amount in accordance with the decrease in value of the goods.<\/li><li>In order to return the goods, the buyer should submit a withdrawal application whose form can be accessed at the end of the current page (below) and send it via e-mail no later than 14 days of receiving the goods.<\/li><li>The costs of returning the goods will be borne by the buyer, unless the reason for return is the fact that the item being returned does not correspond to what was ordered (e.g. an incorrect or defective item).<\/li><li>The buyer should return the goods within 14 days of submitting their application to do so or provide proof that the goods have been handed over to the carrier within that period.<\/li><li>Having received the returned goods, the online shop refunds the buyer any amounts received from the buyer on the basis of the contract immediately but no later than within 14 days of receiving the application for withdrawal.<\/li><li>The online shop may refuse to process the refund until it receives the item that is the object of the contract or until the buyer submits proof that the item has been sent back, whichever happens first.<\/li><li>If the buyer has explicitly chosen a method of delivery different from the most inexpensive normal method of delivery offered by the online shop, the online shop is not required to refund to the consumer the amount exceeding the cost of normal delivery.<\/li><li>The online shop has the right to withdraw from the sales transaction and request that the goods be returned by the buyer if the marked price of the goods in the online shop is significantly lower than the market price of the goods due to an error.<\/li><\/ol><p><strong>Right to file a complaint<\/strong><\/p><ol><li>The online shop is liable for the non-compliance of the goods sold to the buyer with the terms and conditions of the contract or for the defects which existed at the time of delivery of the item and which become evident within up to two years of the delivery of the goods to the buyer. Within the first year after the item was delivered to the buyer, it is presumed that the defect already existed at the time of delivery. It is the responsibility of the online shop to disprove this.<\/li><li>In the event of a defect, the buyer has the right to contact the online shop no later than within two months by sending an e-mail to <a href=\"mailto:info@kriandkri.ee\">info@kriandkri.ee<\/a> or by calling 556 116 27.<\/li><li>The online shop is not liable for defects that have occurred due to the consumer\u2019s action or inaction (incorrect use, an accident, etc.) after the goods were delivered or in the case of normal wear and tear caused by normal use of the item.<\/li><li>If the goods purchased in the online shop have defects for which the online shop is liable, the online shop will repair or replace the defective goods. If the goods cannot be repaired or replaced, the online shop will refund all fees incurred under the sales contract to the buyer.<\/li><li>The online shop responds to the consumer\u2019s complaint within 15 days in writing or in a format that can be reproduced in writing.<\/li><\/ol>\t\t\t\t\t\t\t\t<\/div>\n\t\t\t\t<\/div>\n\t\t\t\t\t<\/div>\n\t\t<\/div>\n\t\t\t\t\t<\/div>\n\t\t<\/section>\n\t\t\t\t<section class=\"elementor-section elementor-top-section elementor-element elementor-element-6d30aa9 elementor-section-boxed elementor-section-height-default elementor-section-height-default\" data-id=\"6d30aa9\" data-element_type=\"section\" data-e-type=\"section\">\n\t\t\t\t\t\t<div class=\"elementor-container elementor-column-gap-default\">\n\t\t\t\t\t<div class=\"elementor-column elementor-col-100 elementor-top-column elementor-element elementor-element-3436dbb\" data-id=\"3436dbb\" data-element_type=\"column\" data-e-type=\"column\">\n\t\t\t<div class=\"elementor-widget-wrap elementor-element-populated\">\n\t\t\t\t\t\t<div class=\"elementor-element elementor-element-91223dc elementor-widget elementor-widget-wpforms\" data-id=\"91223dc\" data-element_type=\"widget\" data-e-type=\"widget\" data-widget_type=\"wpforms.default\">\n\t\t\t\t<div class=\"elementor-widget-container\">\n\t\t\t\t\t<div class=\"wpforms-container \" id=\"wpforms-2168\"><form id=\"wpforms-form-2168\" class=\"wpforms-validate wpforms-form wpforms-ajax-form\" data-formid=\"2168\" method=\"post\" enctype=\"multipart\/form-data\" action=\"\/en\/wp-json\/wp\/v2\/pages\/2697\" data-token=\"13b1aedcd022a1afe62ed50978816486\" data-token-time=\"1775729110\"><div class=\"wpforms-head-container\"><div class=\"wpforms-title\">Taganemisavaldus<\/div><div class=\"wpforms-description\">Taganemisvorm on sidevahendi abil s\u00f5lmitud lepingust ja v\u00e4ljaspool \u00e4riruume s\u00f5lmitud lepingust taganemise avalduse t\u00fc\u00fcpvorm.\r\n\r\nTaganemisvormi t\u00e4itmisel ja saatmisel taganete lepingust Kri & Kri O\u00dc-ga.\r\n\r\nLoe l\u00e4hemalt: https:\/\/kriandkri.ee\/kasutajatingimused\/tagastamine\/ <\/div><\/div><noscript class=\"wpforms-error-noscript\">Please enable JavaScript in your browser to complete this form.<\/noscript><div class=\"wpforms-field-container\"><div id=\"wpforms-2168-field_0-container\" class=\"wpforms-field wpforms-field-name\" data-field-id=\"0\"><label class=\"wpforms-field-label\" for=\"wpforms-2168-field_0\">Ostja ees- ja perekonnanimi <span class=\"wpforms-required-label\">*<\/span><\/label><div class=\"wpforms-field-row wpforms-field-large\"><div class=\"wpforms-field-row-block wpforms-first wpforms-one-half\"><input type=\"text\" id=\"wpforms-2168-field_0\" class=\"wpforms-field-name-first wpforms-field-required\" name=\"wpforms[fields][0][first]\" placeholder=\"Eesnimi\" required><label for=\"wpforms-2168-field_0\" class=\"wpforms-field-sublabel after wpforms-sublabel-hide\">First<\/label><\/div><div class=\"wpforms-field-row-block wpforms-one-half\"><input type=\"text\" id=\"wpforms-2168-field_0-last\" class=\"wpforms-field-name-last wpforms-field-required\" name=\"wpforms[fields][0][last]\" placeholder=\"Perekonnanimi\" required><label for=\"wpforms-2168-field_0-last\" class=\"wpforms-field-sublabel after wpforms-sublabel-hide\">Last<\/label><\/div><\/div><\/div><div id=\"wpforms-2168-field_1-container\" class=\"wpforms-field wpforms-field-email\" data-field-id=\"1\"><label class=\"wpforms-field-label\" for=\"wpforms-2168-field_1\">Ostja e-posti aadress <span class=\"wpforms-required-label\">*<\/span><\/label><input type=\"email\" id=\"wpforms-2168-field_1\" class=\"wpforms-field-large wpforms-field-required\" name=\"wpforms[fields][1]\" placeholder=\"E-posti aadress\" spellcheck=\"false\" required><\/div><div id=\"wpforms-2168-field_10-container\" class=\"wpforms-field wpforms-field-text\" data-field-id=\"10\"><label class=\"wpforms-field-label\" for=\"wpforms-2168-field_10\">Ostja aadress <span class=\"wpforms-required-label\">*<\/span><\/label><input type=\"text\" id=\"wpforms-2168-field_10\" class=\"wpforms-field-large wpforms-field-required\" name=\"wpforms[fields][10]\" placeholder=\"Ostja aadress\" required><\/div><div id=\"wpforms-2168-field_11-container\" class=\"wpforms-field wpforms-field-text\" data-field-id=\"11\"><label class=\"wpforms-field-label\" for=\"wpforms-2168-field_11\">Arve v\u00f5i tellimuse number <span class=\"wpforms-required-label\">*<\/span><\/label><input type=\"text\" id=\"wpforms-2168-field_11\" class=\"wpforms-field-large wpforms-field-required\" name=\"wpforms[fields][11]\" placeholder=\"Arve v\u00f5i tellimuse number\" required><\/div><div id=\"wpforms-2168-field_12-container\" class=\"wpforms-field wpforms-field-text\" data-field-id=\"12\"><label class=\"wpforms-field-label\" for=\"wpforms-2168-field_12\">Toote ostmise kuup\u00e4ev <span class=\"wpforms-required-label\">*<\/span><\/label><input type=\"text\" id=\"wpforms-2168-field_12\" class=\"wpforms-field-large wpforms-field-required\" name=\"wpforms[fields][12]\" placeholder=\"Toote ostmise kuup\u00e4ev\" required><\/div><div id=\"wpforms-2168-field_6-container\" class=\"wpforms-field wpforms-field-select wpforms-field-select-style-classic\" data-field-id=\"6\"><label class=\"wpforms-field-label\" for=\"wpforms-2168-field_6\">Kuidas soovite toote(d) tagastada? <span class=\"wpforms-required-label\">*<\/span><\/label><select id=\"wpforms-2168-field_6\" class=\"wpforms-field-large wpforms-field-required\" name=\"wpforms[fields][6]\" required=\"required\"><option value=\"Omniva pakiautomaat\"  class=\"choice-1 depth-1\"  >Omniva pakiautomaat<\/option><option value=\"Smartposti (Itella) pakiautomaat\"  class=\"choice-2 depth-1\"  >Smartposti (Itella) pakiautomaat<\/option><\/select><\/div><div id=\"wpforms-2168-field_2-container\" class=\"wpforms-field wpforms-field-textarea\" data-field-id=\"2\"><label class=\"wpforms-field-label\" for=\"wpforms-2168-field_2\">Miks soovite tootest loobuda? Tagasiside aitab meil t\u00f5sta e-poe kvaliteeti.<\/label><textarea id=\"wpforms-2168-field_2\" class=\"wpforms-field-medium\" name=\"wpforms[fields][2]\" ><\/textarea><\/div><div id=\"wpforms-2168-field_7-container\" class=\"wpforms-field wpforms-field-checkbox\" data-field-id=\"7\"><label class=\"wpforms-field-label\">Kinnitan, et olen tutvunud tagastamistingimustega lehel: https:\/\/kriandkri.ee\/kasutajatingimused\/tagastamine\/ <span class=\"wpforms-required-label\">*<\/span><\/label><ul id=\"wpforms-2168-field_7\" class=\"wpforms-field-required\"><li class=\"choice-1 depth-1\"><input type=\"checkbox\" id=\"wpforms-2168-field_7_1\" name=\"wpforms[fields][7][]\" value=\"Kinnitan\" required ><label class=\"wpforms-field-label-inline\" for=\"wpforms-2168-field_7_1\">Kinnitan<\/label><\/li><\/ul><\/div><\/div><!-- .wpforms-field-container --><div class=\"wpforms-recaptcha-container wpforms-is-recaptcha wpforms-is-recaptcha-type-v3\" ><input type=\"hidden\" name=\"wpforms[recaptcha]\" value=\"\"><\/div><div class=\"wpforms-submit-container\" ><input type=\"hidden\" name=\"wpforms[id]\" value=\"2168\"><input type=\"hidden\" name=\"page_title\" value=\"\"><input type=\"hidden\" name=\"page_url\" value=\"https:\/\/kriandkri.ee\/en\/wp-json\/wp\/v2\/pages\/2697\"><input type=\"hidden\" name=\"url_referer\" value=\"\"><button type=\"submit\" name=\"wpforms[submit]\" id=\"wpforms-submit-2168\" class=\"wpforms-submit\" data-alt-text=\"Saadan...\" data-submit-text=\"Kinnitan taganemisavaldust\" aria-live=\"assertive\" value=\"wpforms-submit\">Kinnitan taganemisavaldust<\/button><img decoding=\"async\" data-src=\"https:\/\/kriandkri.ee\/wp-content\/plugins\/wpforms-lite\/assets\/images\/submit-spin.svg\" class=\"wpforms-submit-spinner lazyload\" style=\"--smush-placeholder-width: 26px; --smush-placeholder-aspect-ratio: 26\/26;display: none;\" width=\"26\" height=\"26\" alt=\"Loading\" src=\"data:image\/svg+xml;base64,PHN2ZyB3aWR0aD0iMSIgaGVpZ2h0PSIxIiB4bWxucz0iaHR0cDovL3d3dy53My5vcmcvMjAwMC9zdmciPjwvc3ZnPg==\"><\/div><\/form><\/div>  <!-- .wpforms-container -->\t\t\t\t<\/div>\n\t\t\t\t<\/div>\n\t\t\t\t\t<\/div>\n\t\t<\/div>\n\t\t\t\t\t<\/div>\n\t\t<\/section>\n\t\t\t\t<\/div>\n\t\t","protected":false},"excerpt":{"rendered":"<p>Right of withdrawal After receiving the order, the buyer has the right to withdraw from the contract entered into with the online shop within 14 days. The right of withdrawal does not apply if the buyer is a legal person. To exercise the 14-day right of withdrawal, the buyer may not use the ordered goods [&hellip;]<\/p>\n","protected":false},"author":1,"featured_media":0,"parent":2662,"menu_order":8,"comment_status":"closed","ping_status":"closed","template":"elementor_theme","meta":{"_uag_custom_page_level_css":"","site-sidebar-layout":"no-sidebar","site-content-layout":"default","ast-site-content-layout":"default","site-content-style":"default","site-sidebar-style":"default","ast-global-header-display":"","ast-banner-title-visibility":"","ast-main-header-display":"","ast-hfb-above-header-display":"","ast-hfb-below-header-display":"","ast-hfb-mobile-header-display":"","site-post-title":"","ast-breadcrumbs-content":"","ast-featured-img":"","footer-sml-layout":"","ast-disable-related-posts":"","theme-transparent-header-meta":"default","adv-header-id-meta":"","stick-header-meta":"default","header-above-stick-meta":"","header-main-stick-meta":"","header-below-stick-meta":"","astra-migrate-meta-layouts":"default","ast-page-background-enabled":"default","ast-page-background-meta":{"desktop":{"background-color":"","background-image":"","background-repeat":"repeat","background-position":"center center","background-size":"auto","background-attachment":"scroll","background-type":"","background-media":"","overlay-type":"","overlay-color":"","overlay-opacity":"","overlay-gradient":""},"tablet":{"background-color":"","background-image":"","background-repeat":"repeat","background-position":"center center","background-size":"auto","background-attachment":"scroll","background-type":"","background-media":"","overlay-type":"","overlay-color":"","overlay-opacity":"","overlay-gradient":""},"mobile":{"background-color":"","background-image":"","background-repeat":"repeat","background-position":"center center","background-size":"auto","background-attachment":"scroll","background-type":"","background-media":"","overlay-type":"","overlay-color":"","overlay-opacity":"","overlay-gradient":""}},"ast-content-background-meta":{"desktop":{"background-color":"var(--ast-global-color-5)","background-image":"","background-repeat":"repeat","background-position":"center center","background-size":"auto","background-attachment":"scroll","background-type":"","background-media":"","overlay-type":"","overlay-color":"","overlay-opacity":"","overlay-gradient":""},"tablet":{"background-color":"var(--ast-global-color-5)","background-image":"","background-repeat":"repeat","background-position":"center center","background-size":"auto","background-attachment":"scroll","background-type":"","background-media":"","overlay-type":"","overlay-color":"","overlay-opacity":"","overlay-gradient":""},"mobile":{"background-color":"var(--ast-global-color-5)","background-image":"","background-repeat":"repeat","background-position":"center center","background-size":"auto","background-attachment":"scroll","background-type":"","background-media":"","overlay-type":"","overlay-color":"","overlay-opacity":"","overlay-gradient":""}},"footnotes":""},"class_list":["post-2697","page","type-page","status-publish","hentry"],"yoast_head":"<!-- This site is optimized with the Yoast SEO plugin v27.3 - https:\/\/yoast.com\/product\/yoast-seo-wordpress\/ -->\n<title>Return - K &amp; K lingerie<\/title>\n<meta name=\"robots\" content=\"index, follow, max-snippet:-1, max-image-preview:large, max-video-preview:-1\" \/>\n<link rel=\"canonical\" href=\"https:\/\/kriandkri.ee\/en\/terms-of-use\/return\/\" \/>\n<meta property=\"og:locale\" content=\"en_US\" \/>\n<meta property=\"og:type\" content=\"article\" \/>\n<meta property=\"og:title\" content=\"Return - K &amp; K lingerie\" \/>\n<meta property=\"og:description\" content=\"Right of withdrawal After receiving the order, the buyer has the right to withdraw from the contract entered into with the online shop within 14 days. The right of withdrawal does not apply if the buyer is a legal person. To exercise the 14-day right of withdrawal, the buyer may not use the ordered goods [&hellip;]\" \/>\n<meta property=\"og:url\" content=\"https:\/\/kriandkri.ee\/en\/terms-of-use\/return\/\" \/>\n<meta property=\"og:site_name\" content=\"K &amp; K lingerie\" \/>\n<meta property=\"article:modified_time\" content=\"2025-05-27T08:06:22+00:00\" \/>\n<meta property=\"og:image\" content=\"https:\/\/kriandkri.ee\/wp-content\/plugins\/wpforms-lite\/assets\/images\/submit-spin.svg\" \/>\n<meta name=\"twitter:card\" content=\"summary_large_image\" \/>\n<meta name=\"twitter:label1\" content=\"Est. reading time\" \/>\n\t<meta name=\"twitter:data1\" content=\"4 minutes\" \/>\n<script type=\"application\/ld+json\" class=\"yoast-schema-graph\">{\"@context\":\"https:\\\/\\\/schema.org\",\"@graph\":[{\"@type\":\"WebPage\",\"@id\":\"https:\\\/\\\/kriandkri.ee\\\/en\\\/terms-of-use\\\/return\\\/\",\"url\":\"https:\\\/\\\/kriandkri.ee\\\/en\\\/terms-of-use\\\/return\\\/\",\"name\":\"Return - K &amp; K lingerie\",\"isPartOf\":{\"@id\":\"https:\\\/\\\/kriandkri.ee\\\/en\\\/#website\"},\"primaryImageOfPage\":{\"@id\":\"https:\\\/\\\/kriandkri.ee\\\/en\\\/terms-of-use\\\/return\\\/#primaryimage\"},\"image\":{\"@id\":\"https:\\\/\\\/kriandkri.ee\\\/en\\\/terms-of-use\\\/return\\\/#primaryimage\"},\"thumbnailUrl\":\"https:\\\/\\\/kriandkri.ee\\\/wp-content\\\/plugins\\\/wpforms-lite\\\/assets\\\/images\\\/submit-spin.svg\",\"datePublished\":\"2021-12-07T05:24:51+00:00\",\"dateModified\":\"2025-05-27T08:06:22+00:00\",\"breadcrumb\":{\"@id\":\"https:\\\/\\\/kriandkri.ee\\\/en\\\/terms-of-use\\\/return\\\/#breadcrumb\"},\"inLanguage\":\"en-US\",\"potentialAction\":[{\"@type\":\"ReadAction\",\"target\":[\"https:\\\/\\\/kriandkri.ee\\\/en\\\/terms-of-use\\\/return\\\/\"]}]},{\"@type\":\"ImageObject\",\"inLanguage\":\"en-US\",\"@id\":\"https:\\\/\\\/kriandkri.ee\\\/en\\\/terms-of-use\\\/return\\\/#primaryimage\",\"url\":\"https:\\\/\\\/kriandkri.ee\\\/wp-content\\\/plugins\\\/wpforms-lite\\\/assets\\\/images\\\/submit-spin.svg\",\"contentUrl\":\"https:\\\/\\\/kriandkri.ee\\\/wp-content\\\/plugins\\\/wpforms-lite\\\/assets\\\/images\\\/submit-spin.svg\"},{\"@type\":\"BreadcrumbList\",\"@id\":\"https:\\\/\\\/kriandkri.ee\\\/en\\\/terms-of-use\\\/return\\\/#breadcrumb\",\"itemListElement\":[{\"@type\":\"ListItem\",\"position\":1,\"name\":\"Home\",\"item\":\"https:\\\/\\\/kriandkri.ee\\\/en\\\/\"},{\"@type\":\"ListItem\",\"position\":2,\"name\":\"Terms of use\",\"item\":\"https:\\\/\\\/kriandkri.ee\\\/en\\\/terms-of-use\\\/\"},{\"@type\":\"ListItem\",\"position\":3,\"name\":\"Return\"}]},{\"@type\":\"WebSite\",\"@id\":\"https:\\\/\\\/kriandkri.ee\\\/en\\\/#website\",\"url\":\"https:\\\/\\\/kriandkri.ee\\\/en\\\/\",\"name\":\"K &amp; K lingerie\",\"description\":\"\",\"publisher\":{\"@id\":\"https:\\\/\\\/kriandkri.ee\\\/en\\\/#organization\"},\"potentialAction\":[{\"@type\":\"SearchAction\",\"target\":{\"@type\":\"EntryPoint\",\"urlTemplate\":\"https:\\\/\\\/kriandkri.ee\\\/en\\\/?s={search_term_string}\"},\"query-input\":{\"@type\":\"PropertyValueSpecification\",\"valueRequired\":true,\"valueName\":\"search_term_string\"}}],\"inLanguage\":\"en-US\"},{\"@type\":\"Organization\",\"@id\":\"https:\\\/\\\/kriandkri.ee\\\/en\\\/#organization\",\"name\":\"K &amp; K lingerie\",\"url\":\"https:\\\/\\\/kriandkri.ee\\\/en\\\/\",\"logo\":{\"@type\":\"ImageObject\",\"inLanguage\":\"en-US\",\"@id\":\"https:\\\/\\\/kriandkri.ee\\\/en\\\/#\\\/schema\\\/logo\\\/image\\\/\",\"url\":\"https:\\\/\\\/kriandkri.ee\\\/wp-content\\\/uploads\\\/2022\\\/01\\\/cropped-cropped-cropped-Logo-vaike-valge-must.jpg\",\"contentUrl\":\"https:\\\/\\\/kriandkri.ee\\\/wp-content\\\/uploads\\\/2022\\\/01\\\/cropped-cropped-cropped-Logo-vaike-valge-must.jpg\",\"width\":732,\"height\":455,\"caption\":\"K &amp; K lingerie\"},\"image\":{\"@id\":\"https:\\\/\\\/kriandkri.ee\\\/en\\\/#\\\/schema\\\/logo\\\/image\\\/\"}}]}<\/script>\n<!-- \/ Yoast SEO plugin. -->","yoast_head_json":{"title":"Return - K &amp; K lingerie","robots":{"index":"index","follow":"follow","max-snippet":"max-snippet:-1","max-image-preview":"max-image-preview:large","max-video-preview":"max-video-preview:-1"},"canonical":"https:\/\/kriandkri.ee\/en\/terms-of-use\/return\/","og_locale":"en_US","og_type":"article","og_title":"Return - K &amp; K lingerie","og_description":"Right of withdrawal After receiving the order, the buyer has the right to withdraw from the contract entered into with the online shop within 14 days. The right of withdrawal does not apply if the buyer is a legal person. To exercise the 14-day right of withdrawal, the buyer may not use the ordered goods [&hellip;]","og_url":"https:\/\/kriandkri.ee\/en\/terms-of-use\/return\/","og_site_name":"K &amp; K lingerie","article_modified_time":"2025-05-27T08:06:22+00:00","og_image":[{"url":"https:\/\/kriandkri.ee\/wp-content\/plugins\/wpforms-lite\/assets\/images\/submit-spin.svg","type":"","width":"","height":""}],"twitter_card":"summary_large_image","twitter_misc":{"Est. reading time":"4 minutes"},"schema":{"@context":"https:\/\/schema.org","@graph":[{"@type":"WebPage","@id":"https:\/\/kriandkri.ee\/en\/terms-of-use\/return\/","url":"https:\/\/kriandkri.ee\/en\/terms-of-use\/return\/","name":"Return - K &amp; K lingerie","isPartOf":{"@id":"https:\/\/kriandkri.ee\/en\/#website"},"primaryImageOfPage":{"@id":"https:\/\/kriandkri.ee\/en\/terms-of-use\/return\/#primaryimage"},"image":{"@id":"https:\/\/kriandkri.ee\/en\/terms-of-use\/return\/#primaryimage"},"thumbnailUrl":"https:\/\/kriandkri.ee\/wp-content\/plugins\/wpforms-lite\/assets\/images\/submit-spin.svg","datePublished":"2021-12-07T05:24:51+00:00","dateModified":"2025-05-27T08:06:22+00:00","breadcrumb":{"@id":"https:\/\/kriandkri.ee\/en\/terms-of-use\/return\/#breadcrumb"},"inLanguage":"en-US","potentialAction":[{"@type":"ReadAction","target":["https:\/\/kriandkri.ee\/en\/terms-of-use\/return\/"]}]},{"@type":"ImageObject","inLanguage":"en-US","@id":"https:\/\/kriandkri.ee\/en\/terms-of-use\/return\/#primaryimage","url":"https:\/\/kriandkri.ee\/wp-content\/plugins\/wpforms-lite\/assets\/images\/submit-spin.svg","contentUrl":"https:\/\/kriandkri.ee\/wp-content\/plugins\/wpforms-lite\/assets\/images\/submit-spin.svg"},{"@type":"BreadcrumbList","@id":"https:\/\/kriandkri.ee\/en\/terms-of-use\/return\/#breadcrumb","itemListElement":[{"@type":"ListItem","position":1,"name":"Home","item":"https:\/\/kriandkri.ee\/en\/"},{"@type":"ListItem","position":2,"name":"Terms of use","item":"https:\/\/kriandkri.ee\/en\/terms-of-use\/"},{"@type":"ListItem","position":3,"name":"Return"}]},{"@type":"WebSite","@id":"https:\/\/kriandkri.ee\/en\/#website","url":"https:\/\/kriandkri.ee\/en\/","name":"K &amp; K lingerie","description":"","publisher":{"@id":"https:\/\/kriandkri.ee\/en\/#organization"},"potentialAction":[{"@type":"SearchAction","target":{"@type":"EntryPoint","urlTemplate":"https:\/\/kriandkri.ee\/en\/?s={search_term_string}"},"query-input":{"@type":"PropertyValueSpecification","valueRequired":true,"valueName":"search_term_string"}}],"inLanguage":"en-US"},{"@type":"Organization","@id":"https:\/\/kriandkri.ee\/en\/#organization","name":"K &amp; K lingerie","url":"https:\/\/kriandkri.ee\/en\/","logo":{"@type":"ImageObject","inLanguage":"en-US","@id":"https:\/\/kriandkri.ee\/en\/#\/schema\/logo\/image\/","url":"https:\/\/kriandkri.ee\/wp-content\/uploads\/2022\/01\/cropped-cropped-cropped-Logo-vaike-valge-must.jpg","contentUrl":"https:\/\/kriandkri.ee\/wp-content\/uploads\/2022\/01\/cropped-cropped-cropped-Logo-vaike-valge-must.jpg","width":732,"height":455,"caption":"K &amp; K lingerie"},"image":{"@id":"https:\/\/kriandkri.ee\/en\/#\/schema\/logo\/image\/"}}]}},"uagb_featured_image_src":{"full":false,"thumbnail":false,"medium":false,"medium_large":false,"large":false,"1536x1536":false,"2048x2048":false,"widget-thumbnail":false,"woocommerce_thumbnail":false,"woocommerce_single":false,"woocommerce_gallery_thumbnail":false},"uagb_author_info":{"display_name":"Kristiina","author_link":"https:\/\/kriandkri.ee\/en\/author\/kristiina\/"},"uagb_comment_info":0,"uagb_excerpt":"Right of withdrawal After receiving the order, the buyer has the right to withdraw from the contract entered into with the online shop within 14 days. The right of withdrawal does not apply if the buyer is a legal person. To exercise the 14-day right of withdrawal, the buyer may not use the ordered goods&hellip;","_links":{"self":[{"href":"https:\/\/kriandkri.ee\/en\/wp-json\/wp\/v2\/pages\/2697","targetHints":{"allow":["GET"]}}],"collection":[{"href":"https:\/\/kriandkri.ee\/en\/wp-json\/wp\/v2\/pages"}],"about":[{"href":"https:\/\/kriandkri.ee\/en\/wp-json\/wp\/v2\/types\/page"}],"author":[{"embeddable":true,"href":"https:\/\/kriandkri.ee\/en\/wp-json\/wp\/v2\/users\/1"}],"replies":[{"embeddable":true,"href":"https:\/\/kriandkri.ee\/en\/wp-json\/wp\/v2\/comments?post=2697"}],"version-history":[{"count":5,"href":"https:\/\/kriandkri.ee\/en\/wp-json\/wp\/v2\/pages\/2697\/revisions"}],"predecessor-version":[{"id":47117,"href":"https:\/\/kriandkri.ee\/en\/wp-json\/wp\/v2\/pages\/2697\/revisions\/47117"}],"up":[{"embeddable":true,"href":"https:\/\/kriandkri.ee\/en\/wp-json\/wp\/v2\/pages\/2662"}],"wp:attachment":[{"href":"https:\/\/kriandkri.ee\/en\/wp-json\/wp\/v2\/media?parent=2697"}],"curies":[{"name":"wp","href":"https:\/\/api.w.org\/{rel}","templated":true}]}}