{"id":9931,"date":"2023-01-18T13:21:01","date_gmt":"2023-01-18T11:21:01","guid":{"rendered":"https:\/\/kriandkri.ee\/terms-of-use\/safety-guide-for-wearing-harnesses\/"},"modified":"2024-11-03T14:10:08","modified_gmt":"2024-11-03T12:10:08","slug":"safety-guide-for-wearing-harnesses","status":"publish","type":"page","link":"https:\/\/kriandkri.ee\/en\/safety-guide-for-wearing-harnesses\/","title":{"rendered":"Safety guide"},"content":{"rendered":"\t\t<div data-elementor-type=\"wp-page\" data-elementor-id=\"9931\" class=\"elementor elementor-9931 elementor-9925\">\n\t\t\t\t\t\t<section class=\"elementor-section elementor-top-section elementor-element elementor-element-17ebd42 elementor-section-boxed elementor-section-height-default elementor-section-height-default\" data-id=\"17ebd42\" data-element_type=\"section\" data-e-type=\"section\">\n\t\t\t\t\t\t<div class=\"elementor-container elementor-column-gap-default\">\n\t\t\t\t\t<div class=\"elementor-column elementor-col-100 elementor-top-column elementor-element elementor-element-7def4ea\" data-id=\"7def4ea\" data-element_type=\"column\" data-e-type=\"column\">\n\t\t\t<div class=\"elementor-widget-wrap\">\n\t\t\t\t\t\t\t<\/div>\n\t\t<\/div>\n\t\t\t\t\t<\/div>\n\t\t<\/section>\n\t\t\t\t<section class=\"elementor-section elementor-top-section elementor-element elementor-element-35932598 elementor-section-boxed elementor-section-height-default elementor-section-height-default\" data-id=\"35932598\" data-element_type=\"section\" data-e-type=\"section\">\n\t\t\t\t\t\t<div class=\"elementor-container elementor-column-gap-default\">\n\t\t\t\t\t<div class=\"elementor-column elementor-col-100 elementor-top-column elementor-element elementor-element-551b69f5\" data-id=\"551b69f5\" data-element_type=\"column\" data-e-type=\"column\">\n\t\t\t<div class=\"elementor-widget-wrap elementor-element-populated\">\n\t\t\t\t\t\t<div class=\"elementor-element elementor-element-5d7eca1 elementor-widget elementor-widget-text-editor\" data-id=\"5d7eca1\" data-element_type=\"widget\" data-e-type=\"widget\" data-widget_type=\"text-editor.default\">\n\t\t\t\t<div class=\"elementor-widget-container\">\n\t\t\t\t\t\t\t\t\t<ul>\r\n \t<li>Rakmed on m\u00f5eldud kandmiseks aksessuaarina. Olge rakmete selga panemisel ja seljast v\u00f5tmisel ettevaatlik, kuna rakmete hooletu k\u00e4sitsemine v\u00f5ib tekitada muljumiskohti.<\/li>\r\n \t<li>Veenduge enne rakmete selga panemist, et rihmad ei oleks sassis. \u00c4rge keerake, siduge ega s\u00f5lmige rakmete \u00fchtegi rihma mitte \u00fchelgi juhul.<\/li>\r\n \t<li>J\u00e4lgige rakmete selga panemisel, et k\u00f5ik rihmad asetseksid samamoodi nagu tootejoonisel. Rihmade paigutuse omaalgatuslik muutmine v\u00f5ib olla Teile ohtlik!<\/li>\r\n \t<li>Rakmete k\u00f5ik rihmad on reguleeritavad. Reguleerige rihmad kohe p\u00e4rast selga panemist endale sobivaks ja mugavaks. \u00c4rge pingutage rihmu liialt, samas \u00e4rge j\u00e4tke neid ka liiga l\u00f5dvaks. Rihmade pingutatus on piisav, kui s\u00f5rm mahub rihma ja keha vahele.<\/li>\r\n \t<li>J\u00e4lgige, et rakmete kandmise ajal rakmete \u00fckski rihm ei oleks keerdus.<\/li>\r\n \t<li>Rakmete vale kandmine v\u00f5ib takistada vere ja\/v\u00f5i hapniku liikumist Teie kehas ning p\u00f5hjustada ohu Teie tervisele v\u00f5i isegi elule.<\/li>\r\n \t<li>Rakmetes magamine on ohtlik ning \u00e4\u00e4rmiselt mittesoovitav! Rakmed v\u00f5ivad takistada vere ja\/v\u00f5i hapniku liikumist Teie kehas ning magades ei pruugi Te ohtu \u00f5igeaegselt m\u00e4rgata ega j\u00f5uda sellele reageerida.<\/li>\r\n \t<li>Rakmete materjaliks on kummi (pol\u00fcamiid, elastaan). Kui Te olete m\u00f5nele rakmete komponendile allergiline, siis l\u00f5petage rakmete kandmine.\r\nIsikutele, kellel esineb selja- v\u00f5i kaelavaevusi, ei pruugi rakmed kasutamiseks sobida.<\/li>\r\n \t<li>\u00c4rge kandke rakmeid teravate servade, abrasiivsete pindade, liikuvate masinate v\u00f5i mehhanismide ega elektrit juhtivate isoleerimata pindade l\u00e4heduses.<\/li>\r\n \t<li>\u00c4rge v\u00f5imaldage rakmetel kokku puutuda mistahes kemikaalide, k\u00fcttekehade, kuumuse, s\u00e4demete, lahtise tule ega muude faktoritega, mis v\u00f5ivad p\u00f5hjustada kahjulike ainete eraldumise rakmetest, rakmete s\u00fcttimise, lagunemise v\u00f5i h\u00e4vimise.<\/li>\r\n \t<li>\u00c4rge j\u00e4tke rakmeid seisma otsese p\u00e4ikesevalguse k\u00e4tte. UV-kiirgus v\u00f5ib rikkuda nende v\u00e4limust ja l\u00fchendada nende kasutusiga.<\/li>\r\n<\/ul>\t\t\t\t\t\t\t\t<\/div>\n\t\t\t\t<\/div>\n\t\t\t\t\t<\/div>\n\t\t<\/div>\n\t\t\t\t\t<\/div>\n\t\t<\/section>\n\t\t\t\t<section class=\"elementor-section elementor-top-section elementor-element elementor-element-2f5767a elementor-section-boxed elementor-section-height-default elementor-section-height-default\" data-id=\"2f5767a\" data-element_type=\"section\" data-e-type=\"section\">\n\t\t\t\t\t\t<div class=\"elementor-container elementor-column-gap-default\">\n\t\t\t\t\t<div class=\"elementor-column elementor-col-100 elementor-top-column elementor-element elementor-element-8d72321\" data-id=\"8d72321\" data-element_type=\"column\" data-e-type=\"column\">\n\t\t\t<div class=\"elementor-widget-wrap\">\n\t\t\t\t\t\t\t<\/div>\n\t\t<\/div>\n\t\t\t\t\t<\/div>\n\t\t<\/section>\n\t\t\t\t<\/div>\n\t\t","protected":false},"excerpt":{"rendered":"<p>Rakmed on m\u00f5eldud kandmiseks aksessuaarina. Olge rakmete selga panemisel ja seljast v\u00f5tmisel ettevaatlik, kuna rakmete hooletu k\u00e4sitsemine v\u00f5ib tekitada muljumiskohti. Veenduge enne rakmete selga panemist, et rihmad ei oleks sassis. \u00c4rge keerake, siduge ega s\u00f5lmige rakmete \u00fchtegi rihma mitte \u00fchelgi juhul. J\u00e4lgige rakmete selga panemisel, et k\u00f5ik rihmad asetseksid samamoodi nagu tootejoonisel. Rihmade paigutuse omaalgatuslik [&hellip;]<\/p>\n","protected":false},"author":1,"featured_media":0,"parent":0,"menu_order":0,"comment_status":"closed","ping_status":"closed","template":"elementor_theme","meta":{"_uag_custom_page_level_css":"","site-sidebar-layout":"no-sidebar","site-content-layout":null,"ast-site-content-layout":"default","site-content-style":"default","site-sidebar-style":"default","ast-global-header-display":"","ast-banner-title-visibility":"","ast-main-header-display":"","ast-hfb-above-header-display":"","ast-hfb-below-header-display":"","ast-hfb-mobile-header-display":"","site-post-title":"","ast-breadcrumbs-content":"","ast-featured-img":"","footer-sml-layout":"","ast-disable-related-posts":"","theme-transparent-header-meta":"default","adv-header-id-meta":"","stick-header-meta":"default","header-above-stick-meta":"","header-main-stick-meta":"","header-below-stick-meta":"","astra-migrate-meta-layouts":"default","ast-page-background-enabled":"default","ast-page-background-meta":{"desktop":{"background-color":"","background-image":"","background-repeat":"repeat","background-position":"center center","background-size":"auto","background-attachment":"scroll","background-type":"","background-media":"","overlay-type":"","overlay-color":"","overlay-opacity":"","overlay-gradient":""},"tablet":{"background-color":"","background-image":"","background-repeat":"repeat","background-position":"center center","background-size":"auto","background-attachment":"scroll","background-type":"","background-media":"","overlay-type":"","overlay-color":"","overlay-opacity":"","overlay-gradient":""},"mobile":{"background-color":"","background-image":"","background-repeat":"repeat","background-position":"center center","background-size":"auto","background-attachment":"scroll","background-type":"","background-media":"","overlay-type":"","overlay-color":"","overlay-opacity":"","overlay-gradient":""}},"ast-content-background-meta":{"desktop":{"background-color":"var(--ast-global-color-5)","background-image":"","background-repeat":"repeat","background-position":"center center","background-size":"auto","background-attachment":"scroll","background-type":"","background-media":"","overlay-type":"","overlay-color":"","overlay-opacity":"","overlay-gradient":""},"tablet":{"background-color":"var(--ast-global-color-5)","background-image":"","background-repeat":"repeat","background-position":"center center","background-size":"auto","background-attachment":"scroll","background-type":"","background-media":"","overlay-type":"","overlay-color":"","overlay-opacity":"","overlay-gradient":""},"mobile":{"background-color":"var(--ast-global-color-5)","background-image":"","background-repeat":"repeat","background-position":"center center","background-size":"auto","background-attachment":"scroll","background-type":"","background-media":"","overlay-type":"","overlay-color":"","overlay-opacity":"","overlay-gradient":""}},"footnotes":""},"class_list":["post-9931","page","type-page","status-publish","hentry"],"yoast_head":"<!-- This site is optimized with the Yoast SEO plugin v27.4 - https:\/\/yoast.com\/product\/yoast-seo-wordpress\/ -->\n<title>Safety guide - K &amp; K lingerie<\/title>\n<meta name=\"robots\" content=\"index, follow, max-snippet:-1, max-image-preview:large, max-video-preview:-1\" \/>\n<link rel=\"canonical\" href=\"https:\/\/kriandkri.ee\/en\/safety-guide-for-wearing-harnesses\/\" \/>\n<meta property=\"og:locale\" content=\"en_US\" \/>\n<meta property=\"og:type\" content=\"article\" \/>\n<meta property=\"og:title\" content=\"Safety guide - K &amp; K lingerie\" \/>\n<meta property=\"og:description\" content=\"Rakmed on m\u00f5eldud kandmiseks aksessuaarina. Olge rakmete selga panemisel ja seljast v\u00f5tmisel ettevaatlik, kuna rakmete hooletu k\u00e4sitsemine v\u00f5ib tekitada muljumiskohti. Veenduge enne rakmete selga panemist, et rihmad ei oleks sassis. \u00c4rge keerake, siduge ega s\u00f5lmige rakmete \u00fchtegi rihma mitte \u00fchelgi juhul. J\u00e4lgige rakmete selga panemisel, et k\u00f5ik rihmad asetseksid samamoodi nagu tootejoonisel. Rihmade paigutuse omaalgatuslik [&hellip;]\" \/>\n<meta property=\"og:url\" content=\"https:\/\/kriandkri.ee\/en\/safety-guide-for-wearing-harnesses\/\" \/>\n<meta property=\"og:site_name\" content=\"K &amp; K lingerie\" \/>\n<meta property=\"article:modified_time\" content=\"2024-11-03T12:10:08+00:00\" \/>\n<meta name=\"twitter:card\" content=\"summary_large_image\" \/>\n<meta name=\"twitter:label1\" content=\"Est. reading time\" \/>\n\t<meta name=\"twitter:data1\" content=\"1 minute\" \/>\n<script type=\"application\/ld+json\" class=\"yoast-schema-graph\">{\"@context\":\"https:\\\/\\\/schema.org\",\"@graph\":[{\"@type\":\"WebPage\",\"@id\":\"https:\\\/\\\/kriandkri.ee\\\/en\\\/safety-guide-for-wearing-harnesses\\\/\",\"url\":\"https:\\\/\\\/kriandkri.ee\\\/en\\\/safety-guide-for-wearing-harnesses\\\/\",\"name\":\"Safety guide - K &amp; K lingerie\",\"isPartOf\":{\"@id\":\"https:\\\/\\\/kriandkri.ee\\\/en\\\/#website\"},\"datePublished\":\"2023-01-18T11:21:01+00:00\",\"dateModified\":\"2024-11-03T12:10:08+00:00\",\"breadcrumb\":{\"@id\":\"https:\\\/\\\/kriandkri.ee\\\/en\\\/safety-guide-for-wearing-harnesses\\\/#breadcrumb\"},\"inLanguage\":\"en-US\",\"potentialAction\":[{\"@type\":\"ReadAction\",\"target\":[\"https:\\\/\\\/kriandkri.ee\\\/en\\\/safety-guide-for-wearing-harnesses\\\/\"]}]},{\"@type\":\"BreadcrumbList\",\"@id\":\"https:\\\/\\\/kriandkri.ee\\\/en\\\/safety-guide-for-wearing-harnesses\\\/#breadcrumb\",\"itemListElement\":[{\"@type\":\"ListItem\",\"position\":1,\"name\":\"Home\",\"item\":\"https:\\\/\\\/kriandkri.ee\\\/en\\\/\"},{\"@type\":\"ListItem\",\"position\":2,\"name\":\"Safety guide\"}]},{\"@type\":\"WebSite\",\"@id\":\"https:\\\/\\\/kriandkri.ee\\\/en\\\/#website\",\"url\":\"https:\\\/\\\/kriandkri.ee\\\/en\\\/\",\"name\":\"K &amp; K lingerie\",\"description\":\"\",\"publisher\":{\"@id\":\"https:\\\/\\\/kriandkri.ee\\\/en\\\/#organization\"},\"potentialAction\":[{\"@type\":\"SearchAction\",\"target\":{\"@type\":\"EntryPoint\",\"urlTemplate\":\"https:\\\/\\\/kriandkri.ee\\\/en\\\/?s={search_term_string}\"},\"query-input\":{\"@type\":\"PropertyValueSpecification\",\"valueRequired\":true,\"valueName\":\"search_term_string\"}}],\"inLanguage\":\"en-US\"},{\"@type\":\"Organization\",\"@id\":\"https:\\\/\\\/kriandkri.ee\\\/en\\\/#organization\",\"name\":\"K &amp; K lingerie\",\"url\":\"https:\\\/\\\/kriandkri.ee\\\/en\\\/\",\"logo\":{\"@type\":\"ImageObject\",\"inLanguage\":\"en-US\",\"@id\":\"https:\\\/\\\/kriandkri.ee\\\/en\\\/#\\\/schema\\\/logo\\\/image\\\/\",\"url\":\"https:\\\/\\\/kriandkri.ee\\\/wp-content\\\/uploads\\\/2022\\\/01\\\/cropped-cropped-cropped-Logo-vaike-valge-must.jpg\",\"contentUrl\":\"https:\\\/\\\/kriandkri.ee\\\/wp-content\\\/uploads\\\/2022\\\/01\\\/cropped-cropped-cropped-Logo-vaike-valge-must.jpg\",\"width\":732,\"height\":455,\"caption\":\"K &amp; K lingerie\"},\"image\":{\"@id\":\"https:\\\/\\\/kriandkri.ee\\\/en\\\/#\\\/schema\\\/logo\\\/image\\\/\"}}]}<\/script>\n<!-- \/ Yoast SEO plugin. -->","yoast_head_json":{"title":"Safety guide - K &amp; K lingerie","robots":{"index":"index","follow":"follow","max-snippet":"max-snippet:-1","max-image-preview":"max-image-preview:large","max-video-preview":"max-video-preview:-1"},"canonical":"https:\/\/kriandkri.ee\/en\/safety-guide-for-wearing-harnesses\/","og_locale":"en_US","og_type":"article","og_title":"Safety guide - K &amp; K lingerie","og_description":"Rakmed on m\u00f5eldud kandmiseks aksessuaarina. Olge rakmete selga panemisel ja seljast v\u00f5tmisel ettevaatlik, kuna rakmete hooletu k\u00e4sitsemine v\u00f5ib tekitada muljumiskohti. Veenduge enne rakmete selga panemist, et rihmad ei oleks sassis. \u00c4rge keerake, siduge ega s\u00f5lmige rakmete \u00fchtegi rihma mitte \u00fchelgi juhul. J\u00e4lgige rakmete selga panemisel, et k\u00f5ik rihmad asetseksid samamoodi nagu tootejoonisel. Rihmade paigutuse omaalgatuslik [&hellip;]","og_url":"https:\/\/kriandkri.ee\/en\/safety-guide-for-wearing-harnesses\/","og_site_name":"K &amp; K lingerie","article_modified_time":"2024-11-03T12:10:08+00:00","twitter_card":"summary_large_image","twitter_misc":{"Est. reading time":"1 minute"},"schema":{"@context":"https:\/\/schema.org","@graph":[{"@type":"WebPage","@id":"https:\/\/kriandkri.ee\/en\/safety-guide-for-wearing-harnesses\/","url":"https:\/\/kriandkri.ee\/en\/safety-guide-for-wearing-harnesses\/","name":"Safety guide - K &amp; K lingerie","isPartOf":{"@id":"https:\/\/kriandkri.ee\/en\/#website"},"datePublished":"2023-01-18T11:21:01+00:00","dateModified":"2024-11-03T12:10:08+00:00","breadcrumb":{"@id":"https:\/\/kriandkri.ee\/en\/safety-guide-for-wearing-harnesses\/#breadcrumb"},"inLanguage":"en-US","potentialAction":[{"@type":"ReadAction","target":["https:\/\/kriandkri.ee\/en\/safety-guide-for-wearing-harnesses\/"]}]},{"@type":"BreadcrumbList","@id":"https:\/\/kriandkri.ee\/en\/safety-guide-for-wearing-harnesses\/#breadcrumb","itemListElement":[{"@type":"ListItem","position":1,"name":"Home","item":"https:\/\/kriandkri.ee\/en\/"},{"@type":"ListItem","position":2,"name":"Safety guide"}]},{"@type":"WebSite","@id":"https:\/\/kriandkri.ee\/en\/#website","url":"https:\/\/kriandkri.ee\/en\/","name":"K &amp; K lingerie","description":"","publisher":{"@id":"https:\/\/kriandkri.ee\/en\/#organization"},"potentialAction":[{"@type":"SearchAction","target":{"@type":"EntryPoint","urlTemplate":"https:\/\/kriandkri.ee\/en\/?s={search_term_string}"},"query-input":{"@type":"PropertyValueSpecification","valueRequired":true,"valueName":"search_term_string"}}],"inLanguage":"en-US"},{"@type":"Organization","@id":"https:\/\/kriandkri.ee\/en\/#organization","name":"K &amp; K lingerie","url":"https:\/\/kriandkri.ee\/en\/","logo":{"@type":"ImageObject","inLanguage":"en-US","@id":"https:\/\/kriandkri.ee\/en\/#\/schema\/logo\/image\/","url":"https:\/\/kriandkri.ee\/wp-content\/uploads\/2022\/01\/cropped-cropped-cropped-Logo-vaike-valge-must.jpg","contentUrl":"https:\/\/kriandkri.ee\/wp-content\/uploads\/2022\/01\/cropped-cropped-cropped-Logo-vaike-valge-must.jpg","width":732,"height":455,"caption":"K &amp; K lingerie"},"image":{"@id":"https:\/\/kriandkri.ee\/en\/#\/schema\/logo\/image\/"}}]}},"uagb_featured_image_src":{"full":false,"thumbnail":false,"medium":false,"medium_large":false,"large":false,"1536x1536":false,"2048x2048":false,"widget-thumbnail":false,"woocommerce_thumbnail":false,"woocommerce_single":false,"woocommerce_gallery_thumbnail":false},"uagb_author_info":{"display_name":"Kristiina","author_link":"https:\/\/kriandkri.ee\/en\/author\/kristiina\/"},"uagb_comment_info":0,"uagb_excerpt":"Rakmed on m\u00f5eldud kandmiseks aksessuaarina. Olge rakmete selga panemisel ja seljast v\u00f5tmisel ettevaatlik, kuna rakmete hooletu k\u00e4sitsemine v\u00f5ib tekitada muljumiskohti. Veenduge enne rakmete selga panemist, et rihmad ei oleks sassis. \u00c4rge keerake, siduge ega s\u00f5lmige rakmete \u00fchtegi rihma mitte \u00fchelgi juhul. J\u00e4lgige rakmete selga panemisel, et k\u00f5ik rihmad asetseksid samamoodi nagu tootejoonisel. Rihmade paigutuse omaalgatuslik&hellip;","_links":{"self":[{"href":"https:\/\/kriandkri.ee\/en\/wp-json\/wp\/v2\/pages\/9931","targetHints":{"allow":["GET"]}}],"collection":[{"href":"https:\/\/kriandkri.ee\/en\/wp-json\/wp\/v2\/pages"}],"about":[{"href":"https:\/\/kriandkri.ee\/en\/wp-json\/wp\/v2\/types\/page"}],"author":[{"embeddable":true,"href":"https:\/\/kriandkri.ee\/en\/wp-json\/wp\/v2\/users\/1"}],"replies":[{"embeddable":true,"href":"https:\/\/kriandkri.ee\/en\/wp-json\/wp\/v2\/comments?post=9931"}],"version-history":[{"count":3,"href":"https:\/\/kriandkri.ee\/en\/wp-json\/wp\/v2\/pages\/9931\/revisions"}],"predecessor-version":[{"id":37123,"href":"https:\/\/kriandkri.ee\/en\/wp-json\/wp\/v2\/pages\/9931\/revisions\/37123"}],"wp:attachment":[{"href":"https:\/\/kriandkri.ee\/en\/wp-json\/wp\/v2\/media?parent=9931"}],"curies":[{"name":"wp","href":"https:\/\/api.w.org\/{rel}","templated":true}]}}